{"id":179,"date":"2026-04-17T11:33:16","date_gmt":"2026-04-17T11:33:16","guid":{"rendered":"https:\/\/hodowla2.smmtesting.pl\/?page_id=179"},"modified":"2026-04-17T11:40:52","modified_gmt":"2026-04-17T11:40:52","slug":"o-nas","status":"publish","type":"page","link":"https:\/\/hodowla2.smmtesting.pl\/?page_id=179","title":{"rendered":"Lorem Ipsum"},"content":{"rendered":"\t\t<div data-elementor-type=\"wp-page\" data-elementor-id=\"179\" class=\"elementor elementor-179\" data-elementor-post-type=\"page\">\n\t\t\t\t<div class=\"elementor-element elementor-element-236c700d e-flex e-con-boxed e-con e-parent\" data-id=\"236c700d\" data-element_type=\"container\" data-e-type=\"container\" data-settings=\"{&quot;background_background&quot;:&quot;classic&quot;}\">\n\t\t\t\t\t<div class=\"e-con-inner\">\n\t\t<div class=\"elementor-element elementor-element-4b256dca e-con-full e-flex e-con e-child\" data-id=\"4b256dca\" data-element_type=\"container\" data-e-type=\"container\">\n\t\t\t\t<\/div>\n\t\t\t\t\t<\/div>\n\t\t\t\t<\/div>\n\t\t<div class=\"elementor-element elementor-element-3160a096 e-flex e-con-boxed e-con e-parent\" data-id=\"3160a096\" data-element_type=\"container\" data-e-type=\"container\" data-settings=\"{&quot;background_background&quot;:&quot;classic&quot;}\">\n\t\t\t\t\t<div class=\"e-con-inner\">\n\t\t<div class=\"elementor-element elementor-element-1838f873 e-con-full e-flex elementor-invisible e-con e-child\" data-id=\"1838f873\" data-element_type=\"container\" data-e-type=\"container\" data-settings=\"{&quot;animation&quot;:&quot;fadeIn&quot;,&quot;animation_delay&quot;:&quot;200&quot;}\">\n\t\t\t\t<div class=\"elementor-element elementor-element-513fb558 elementor-headline--style-highlight elementor-widget elementor-widget-animated-headline\" data-id=\"513fb558\" data-element_type=\"widget\" data-e-type=\"widget\" data-settings=\"{&quot;marker&quot;:&quot;strikethrough&quot;,&quot;highlighted_text&quot;:&quot;Nasza Historia&quot;,&quot;headline_style&quot;:&quot;highlight&quot;,&quot;loop&quot;:&quot;yes&quot;,&quot;highlight_animation_duration&quot;:1200,&quot;highlight_iteration_delay&quot;:8000}\" data-widget_type=\"animated-headline.default\">\n\t\t\t\t\t\t\t<h2 class=\"elementor-headline\">\n\t\t\t\t<span class=\"elementor-headline-dynamic-wrapper elementor-headline-text-wrapper\">\n\t\t\t\t\t<span class=\"elementor-headline-dynamic-text elementor-headline-text-active\">Nasza Historia<\/span>\n\t\t\t\t<\/span>\n\t\t\t\t<\/h2>\n\t\t\t\t\t\t<\/div>\n\t\t\t\t<div class=\"elementor-element elementor-element-34480357 elementor-widget elementor-widget-heading\" data-id=\"34480357\" data-element_type=\"widget\" data-e-type=\"widget\" data-widget_type=\"heading.default\">\n\t\t\t\t\t<p class=\"elementor-heading-title elementor-size-default\">Hodowl\u0119 za\u0142o\u017cy\u0142am w 2016 roku, rozpoczynaj\u0105c j\u0105 od zakupu dw\u00f3ch wyj\u0105tkowych suczek rasy yorkshire terrier oraz biewer tricolor. Od samego pocz\u0105tku wyr\u00f3\u017cnia\u0142y si\u0119 one doskona\u0142ym pochodzeniem \u2013 wywodzi\u0142y si\u0119 z uznanych, polskich linii hodowlanych o bardzo dobrych genach. By\u0142y zdrowe, silne, o pi\u0119knej budowie, prawid\u0142owych proporcjach oraz wyj\u0105tkowej szacie. Charakteryzowa\u0142y si\u0119 r\u00f3wnie\u017c mocnym ko\u015b\u0107cem i zdrowym uz\u0119bieniem.<\/p>\t\t\t\t<\/div>\n\t\t\t\t<div class=\"elementor-element elementor-element-54ea4837 elementor-widget elementor-widget-heading\" data-id=\"54ea4837\" data-element_type=\"widget\" data-e-type=\"widget\" data-widget_type=\"heading.default\">\n\t\t\t\t\t<p class=\"elementor-heading-title elementor-size-default\">Podczas jednej z wystaw organizowanych przez Kennel Club nasze psy szybko zosta\u0142y zauwa\u017cone i docenione przez s\u0119dzi\u00f3w kynologicznych. To w\u0142a\u015bnie wtedy narodzi\u0142a si\u0119 moja hodowla \u2013 pocz\u0105tkowo pod nazw\u0105 GRYFIN, kt\u00f3ra z czasem zosta\u0142a zmieniona na GRYFIN YORK i tak pozosta\u0142a do dzi\u015b.\n\nMi\u0142o\u015b\u0107 do ps\u00f3w towarzyszy mi od dzieci\u0144stwa. Moja babcia prowadzi\u0142a hodowl\u0119 Polskiego Owczarka Nizinnego, a ja z zaanga\u017cowaniem pomaga\u0142am jej w codziennych obowi\u0105zkach. Ju\u017c wtedy wiedzia\u0142am, \u017ce to moja pasja. Z czasem zrozumia\u0142am r\u00f3wnie\u017c, \u017ce hodowla to nie tylko rado\u015b\u0107 i pi\u0119kne chwile, ale tak\u017ce odpowiedzialno\u015b\u0107, ci\u0119\u017cka praca i ogromne po\u015bwi\u0119cenie.<\/p>\t\t\t\t<\/div>\n\t\t\t\t<div class=\"elementor-element elementor-element-6545bfc8 elementor-widget elementor-widget-heading\" data-id=\"6545bfc8\" data-element_type=\"widget\" data-e-type=\"widget\" data-widget_type=\"heading.default\">\n\t\t\t\t\t<p class=\"elementor-heading-title elementor-size-default\">Prowadz\u0119 domow\u0105 hodowl\u0119 rasy yorkshire terrier, specjalizuj\u0105c si\u0119 w r\u00f3\u017cnych odmianach kolorystycznych. Nasze psy mieszkaj\u0105 z nami w domu i s\u0105 pe\u0142noprawnymi cz\u0142onkami rodziny. Otaczamy je mi\u0142o\u015bci\u0105 i trosk\u0105, poniewa\u017c s\u0105 dla nas najlepszymi towarzyszami codziennego \u017cycia.\n\nW naszym domu wychowuje si\u0119 r\u00f3wnie\u017c dwoje ma\u0142ych dzieci, kt\u00f3re aktywnie uczestnicz\u0105 w opiece i zabawie z psami. Dzi\u0119ki temu nasze szczeni\u0119ta od najm\u0142odszych chwil s\u0105 przyzwyczajone do kontaktu z dzie\u0107mi oraz do codziennych odg\u0142os\u00f3w domu. To sprawia, \u017ce s\u0105 odwa\u017cne, dobrze zsocjalizowane i szybko si\u0119 ucz\u0105.<\/p>\t\t\t\t<\/div>\n\t\t\t\t<div class=\"elementor-element elementor-element-5a6b5840 elementor-widget elementor-widget-heading\" data-id=\"5a6b5840\" data-element_type=\"widget\" data-e-type=\"widget\" data-widget_type=\"heading.default\">\n\t\t\t\t\t<p class=\"elementor-heading-title elementor-size-default\">Od wielu lat dok\u0142adamy wszelkich stara\u0144, aby nasze szczeni\u0119ta by\u0142y nie tylko pi\u0119kne, ale przede wszystkim zdrowe i wolne od wad. Naszym celem jest, aby ka\u017cdy nowy w\u0142a\u015bciciel m\u00f3g\u0142 z pe\u0142nym przekonaniem powiedzie\u0107:\n\u201eTo jest dok\u0142adnie taki pies, jakiego szukali\u015bmy.\u201d\n\nW 2024 roku, podczas III Krajowej Wystawy Ps\u00f3w Rasowych w Marzeninie, hodowla GRYFIN YORK zosta\u0142a wyr\u00f3\u017cniona za propagowanie wzorcowego wizerunku hodowcy i hodowli \u2013 co jest dla nas ogromnym zaszczytem i motywacj\u0105 do dalszego rozwoju.<\/p>\t\t\t\t<\/div>\n\t\t\t\t<\/div>\n\t\t<div class=\"elementor-element elementor-element-714d6960 e-con-full e-flex elementor-invisible e-con e-child\" data-id=\"714d6960\" data-element_type=\"container\" data-e-type=\"container\" data-settings=\"{&quot;background_background&quot;:&quot;classic&quot;,&quot;animation&quot;:&quot;fadeIn&quot;,&quot;animation_delay&quot;:&quot;400&quot;}\">\n\t\t\t\t<\/div>\n\t\t\t\t\t<\/div>\n\t\t\t\t<\/div>\n\t\t<div class=\"elementor-element elementor-element-700b070e e-con-full e-flex e-con e-parent\" data-id=\"700b070e\" data-element_type=\"container\" data-e-type=\"container\">\n\t\t<div class=\"elementor-element elementor-element-2fedac41 e-con-full e-flex e-con e-child\" data-id=\"2fedac41\" data-element_type=\"container\" data-e-type=\"container\">\n\t\t<div class=\"elementor-element elementor-element-5ffcf789 e-con-full e-flex elementor-invisible e-con e-child\" data-id=\"5ffcf789\" data-element_type=\"container\" data-e-type=\"container\" data-settings=\"{&quot;background_background&quot;:&quot;classic&quot;,&quot;animation&quot;:&quot;fadeIn&quot;,&quot;animation_delay&quot;:&quot;200&quot;}\">\n\t\t\t\t<div class=\"elementor-element elementor-element-ca244c6 elementor-widget elementor-widget-heading\" data-id=\"ca244c6\" data-element_type=\"widget\" data-e-type=\"widget\" data-widget_type=\"heading.default\">\n\t\t\t\t\t<h2 class=\"elementor-heading-title elementor-size-default\">Zapraszamy do kontaktu<\/h2>\t\t\t\t<\/div>\n\t\t\t\t<div class=\"elementor-element elementor-element-4f76edff elementor-widget elementor-widget-heading\" data-id=\"4f76edff\" data-element_type=\"widget\" data-e-type=\"widget\" data-widget_type=\"heading.default\">\n\t\t\t\t\t<p class=\"elementor-heading-title elementor-size-default\">Zach\u0119camy do obserwowania naszej hodowli na Facebooku oraz do odwiedzania strony internetowej.\nZapraszamy r\u00f3wnie\u017c do zakupu naszych pi\u0119knych, zdrowych i starannie wychowanych szczeni\u0105t.<\/p>\t\t\t\t<\/div>\n\t\t\t\t<div class=\"elementor-element elementor-element-478c1878 elementor-mobile-align-center elementor-widget elementor-widget-button\" data-id=\"478c1878\" data-element_type=\"widget\" data-e-type=\"widget\" data-widget_type=\"button.default\">\n\t\t\t\t\t\t\t\t\t\t<a class=\"elementor-button elementor-button-link elementor-size-sm\" href=\"#\">\n\t\t\t\t\t\t<span class=\"elementor-button-content-wrapper\">\n\t\t\t\t\t\t\t\t\t<span class=\"elementor-button-text\">Kontakt<\/span>\n\t\t\t\t\t<\/span>\n\t\t\t\t\t<\/a>\n\t\t\t\t\t\t\t\t<\/div>\n\t\t\t\t<\/div>\n\t\t<div class=\"elementor-element elementor-element-6bb8c752 e-con-full e-flex e-con e-child\" data-id=\"6bb8c752\" data-element_type=\"container\" data-e-type=\"container\">\n\t\t<div class=\"elementor-element elementor-element-412a8f65 e-con-full e-flex e-con e-child\" data-id=\"412a8f65\" data-element_type=\"container\" data-e-type=\"container\" data-settings=\"{&quot;background_background&quot;:&quot;classic&quot;}\">\n\t\t\t\t<\/div>\n\t\t<div class=\"elementor-element elementor-element-7655dd e-con-full e-flex e-con e-child\" data-id=\"7655dd\" data-element_type=\"container\" data-e-type=\"container\" data-settings=\"{&quot;background_background&quot;:&quot;classic&quot;}\">\n\t\t<div class=\"elementor-element elementor-element-1b40fca6 e-con-full e-flex e-con e-child\" data-id=\"1b40fca6\" data-element_type=\"container\" data-e-type=\"container\">\n\t\t<div class=\"elementor-element elementor-element-745ad1db e-con-full e-flex elementor-invisible e-con e-child\" data-id=\"745ad1db\" data-element_type=\"container\" data-e-type=\"container\" data-settings=\"{&quot;animation&quot;:&quot;fadeIn&quot;,&quot;animation_delay&quot;:&quot;200&quot;}\">\n\t\t\t\t<div class=\"elementor-element elementor-element-85abade elementor-widget elementor-widget-heading\" data-id=\"85abade\" data-element_type=\"widget\" data-e-type=\"widget\" data-widget_type=\"heading.default\">\n\t\t\t\t\t<h5 class=\"elementor-heading-title elementor-size-default\">Lorem Ipsum<\/h5>\t\t\t\t<\/div>\n\t\t\t\t<div class=\"elementor-element elementor-element-2a3faedb elementor-widget elementor-widget-heading\" data-id=\"2a3faedb\" data-element_type=\"widget\" data-e-type=\"widget\" data-widget_type=\"heading.default\">\n\t\t\t\t\t<p class=\"elementor-heading-title elementor-size-default\">Lorem Ipsum<\/p>\t\t\t\t<\/div>\n\t\t\t\t<\/div>\n\t\t<div class=\"elementor-element elementor-element-64faa499 e-con-full e-flex elementor-invisible e-con e-child\" data-id=\"64faa499\" data-element_type=\"container\" data-e-type=\"container\" data-settings=\"{&quot;animation&quot;:&quot;fadeIn&quot;,&quot;animation_delay&quot;:&quot;400&quot;}\">\n\t\t\t\t<div class=\"elementor-element elementor-element-4133fbcf elementor-widget elementor-widget-heading\" data-id=\"4133fbcf\" data-element_type=\"widget\" data-e-type=\"widget\" data-widget_type=\"heading.default\">\n\t\t\t\t\t<h5 class=\"elementor-heading-title elementor-size-default\">Lorem Ipsum<\/h5>\t\t\t\t<\/div>\n\t\t\t\t<div class=\"elementor-element elementor-element-3a9f34e elementor-widget elementor-widget-heading\" data-id=\"3a9f34e\" data-element_type=\"widget\" data-e-type=\"widget\" data-widget_type=\"heading.default\">\n\t\t\t\t\t<p class=\"elementor-heading-title elementor-size-default\">Lorem Ipsum<\/p>\t\t\t\t<\/div>\n\t\t\t\t<\/div>\n\t\t\t\t<\/div>\n\t\t\t\t<\/div>\n\t\t\t\t<\/div>\n\t\t\t\t<\/div>\n\t\t<div class=\"elementor-element elementor-element-12c3917e e-con-full e-flex e-con e-child\" data-id=\"12c3917e\" data-element_type=\"container\" data-e-type=\"container\" data-settings=\"{&quot;background_background&quot;:&quot;classic&quot;}\">\n\t\t\t\t<\/div>\n\t\t\t\t<\/div>\n\t\t\t\t<\/div>\n\t\t","protected":false},"excerpt":{"rendered":"<p>Lorem ipsum dolor sit amet, consectetur adipiscing elit. Sed do eiusmod tempor incididunt ut labore et dolore magna aliqua. Ut enim ad minim veniam, quis nostrud exercitation ullamco laboris nisi ut aliquip ex ea commodo consequat.<\/p>\n","protected":false},"author":1,"featured_media":0,"parent":0,"menu_order":0,"comment_status":"closed","ping_status":"closed","template":"","meta":{"_angie_page":false,"footnotes":""},"class_list":["post-179","page","type-page","status-publish","hentry"],"_links":{"self":[{"href":"https:\/\/hodowla2.smmtesting.pl\/index.php?rest_route=\/wp\/v2\/pages\/179","targetHints":{"allow":["GET"]}}],"collection":[{"href":"https:\/\/hodowla2.smmtesting.pl\/index.php?rest_route=\/wp\/v2\/pages"}],"about":[{"href":"https:\/\/hodowla2.smmtesting.pl\/index.php?rest_route=\/wp\/v2\/types\/page"}],"author":[{"embeddable":true,"href":"https:\/\/hodowla2.smmtesting.pl\/index.php?rest_route=\/wp\/v2\/users\/1"}],"replies":[{"embeddable":true,"href":"https:\/\/hodowla2.smmtesting.pl\/index.php?rest_route=%2Fwp%2Fv2%2Fcomments&post=179"}],"version-history":[{"count":5,"href":"https:\/\/hodowla2.smmtesting.pl\/index.php?rest_route=\/wp\/v2\/pages\/179\/revisions"}],"predecessor-version":[{"id":260,"href":"https:\/\/hodowla2.smmtesting.pl\/index.php?rest_route=\/wp\/v2\/pages\/179\/revisions\/260"}],"wp:attachment":[{"href":"https:\/\/hodowla2.smmtesting.pl\/index.php?rest_route=%2Fwp%2Fv2%2Fmedia&parent=179"}],"curies":[{"name":"wp","href":"https:\/\/api.w.org\/{rel}","templated":true}]}}